{"id":754,"date":"2023-07-18T12:47:32","date_gmt":"2023-07-18T10:47:32","guid":{"rendered":"https:\/\/francesccanals.com\/serveis\/"},"modified":"2023-09-19T09:25:35","modified_gmt":"2023-09-19T07:25:35","slug":"servicios","status":"publish","type":"page","link":"https:\/\/francesccanals.com\/es\/servicios\/","title":{"rendered":"Servicios"},"content":{"rendered":"\t\t<div data-elementor-type=\"wp-page\" data-elementor-id=\"754\" class=\"elementor elementor-754 elementor-85\" data-elementor-post-type=\"page\">\n\t\t\t\t\t\t\t<div class=\"elementor-element elementor-element-8e9d8f3 e-con-full e-flex e-con\" data-id=\"8e9d8f3\" data-element_type=\"container\" data-settings=\"{&quot;content_width&quot;:&quot;full&quot;,&quot;background_background&quot;:&quot;classic&quot;}\">\n\t\t\t\t<div class=\"elementor-element elementor-element-9b51ded elementor-widget elementor-widget-spacer\" data-id=\"9b51ded\" data-element_type=\"widget\" data-widget_type=\"spacer.default\">\n\t\t\t\t<div class=\"elementor-widget-container\">\n\t\t\t<style>\/*! elementor - v3.14.0 - 26-06-2023 *\/\n.elementor-column .elementor-spacer-inner{height:var(--spacer-size)}.e-con{--container-widget-width:100%}.e-con-inner>.elementor-widget-spacer,.e-con>.elementor-widget-spacer{width:var(--container-widget-width,var(--spacer-size));--align-self:var(--container-widget-align-self,initial);--flex-shrink:0}.e-con-inner>.elementor-widget-spacer>.elementor-widget-container,.e-con-inner>.elementor-widget-spacer>.elementor-widget-container>.elementor-spacer,.e-con>.elementor-widget-spacer>.elementor-widget-container,.e-con>.elementor-widget-spacer>.elementor-widget-container>.elementor-spacer{height:100%}.e-con-inner>.elementor-widget-spacer>.elementor-widget-container>.elementor-spacer>.elementor-spacer-inner,.e-con>.elementor-widget-spacer>.elementor-widget-container>.elementor-spacer>.elementor-spacer-inner{height:var(--container-widget-height,var(--spacer-size))}<\/style>\t\t<div class=\"elementor-spacer\">\n\t\t\t<div class=\"elementor-spacer-inner\"><\/div>\n\t\t<\/div>\n\t\t\t\t<\/div>\n\t\t\t\t<\/div>\n\t\t<div class=\"elementor-element elementor-element-354c1e4 e-con-full e-flex e-con\" data-id=\"354c1e4\" data-element_type=\"container\" data-settings=\"{&quot;content_width&quot;:&quot;full&quot;}\">\n\t\t<div class=\"elementor-element elementor-element-ad55040 e-con-full e-flex e-con\" data-id=\"ad55040\" data-element_type=\"container\" data-settings=\"{&quot;content_width&quot;:&quot;full&quot;,&quot;background_background&quot;:&quot;classic&quot;}\">\n\t\t\t\t<div class=\"elementor-element elementor-element-9d48780 elementor-widget elementor-widget-spacer\" data-id=\"9d48780\" data-element_type=\"widget\" data-widget_type=\"spacer.default\">\n\t\t\t\t<div class=\"elementor-widget-container\">\n\t\t\t\t\t<div class=\"elementor-spacer\">\n\t\t\t<div class=\"elementor-spacer-inner\"><\/div>\n\t\t<\/div>\n\t\t\t\t<\/div>\n\t\t\t\t<\/div>\n\t\t\t\t<\/div>\n\t\t<div class=\"elementor-element elementor-element-e4579fa e-con-full e-flex e-con\" data-id=\"e4579fa\" data-element_type=\"container\" data-settings=\"{&quot;content_width&quot;:&quot;full&quot;}\">\n\t\t\t\t<div class=\"elementor-element elementor-element-63cc383 elementor-widget elementor-widget-heading\" data-id=\"63cc383\" data-element_type=\"widget\" data-widget_type=\"heading.default\">\n\t\t\t\t<div class=\"elementor-widget-container\">\n\t\t\t<style>\/*! elementor - v3.14.0 - 26-06-2023 *\/\n.elementor-heading-title{padding:0;margin:0;line-height:1}.elementor-widget-heading .elementor-heading-title[class*=elementor-size-]>a{color:inherit;font-size:inherit;line-height:inherit}.elementor-widget-heading .elementor-heading-title.elementor-size-small{font-size:15px}.elementor-widget-heading .elementor-heading-title.elementor-size-medium{font-size:19px}.elementor-widget-heading .elementor-heading-title.elementor-size-large{font-size:29px}.elementor-widget-heading .elementor-heading-title.elementor-size-xl{font-size:39px}.elementor-widget-heading .elementor-heading-title.elementor-size-xxl{font-size:59px}<\/style><h1 class=\"elementor-heading-title elementor-size-default\">Servicios<\/h1>\t\t<\/div>\n\t\t\t\t<\/div>\n\t\t\t\t<div class=\"elementor-element elementor-element-70ac29e elementor-widget elementor-widget-heading\" data-id=\"70ac29e\" data-element_type=\"widget\" data-widget_type=\"heading.default\">\n\t\t\t\t<div class=\"elementor-widget-container\">\n\t\t\t<div class=\"elementor-heading-title elementor-size-default\">Hago colaboraciones profesionales y asesoramiento t\u00e9cnico: ofrezco mis conocimientos adquiridos durante veinte a\u00f1os de trabajo en el sector, con un trato personal y humano, proporciono soluciones \u00f3ptimas y eficientes en coordinaci\u00f3n con la visi\u00f3n propia del cliente, con la posibilidad de intervenir en cualquier fase del proceso constructivo, sin importar la magnitud o complejidad del proyecto, tanto si es participar en grandes proyectos de obra nueva como analizar en detalle peque\u00f1as soluciones de reforma o rehabilitaci\u00f3n de edificios existentes.<br><br>\nMis se\u00f1as de identidad son responsabilidad, flexibilidad, compromiso, rigor, trabajo minucioso y constante formaci\u00f3n, y una motivaci\u00f3n adicional es superar los retos que presenta cada nuevo proyecto.<\/div>\t\t<\/div>\n\t\t\t\t<\/div>\n\t\t\t\t<\/div>\n\t\t\t\t<\/div>\n\t\t\t\t<\/div>\n\t\t\t\t\t\t\t<\/div>\n\t\t","protected":false},"excerpt":{"rendered":"<p>Servicios Hago colaboraciones profesionales y asesoramiento t\u00e9cnico: ofrezco mis conocimientos adquiridos durante veinte a\u00f1os de trabajo en el sector, con un trato personal y humano, proporciono soluciones \u00f3ptimas y eficientes en coordinaci\u00f3n con la visi\u00f3n propia del cliente, con la posibilidad de intervenir en cualquier fase del proceso constructivo, sin importar la magnitud o complejidad [&hellip;]<\/p>\n","protected":false},"author":2,"featured_media":0,"parent":0,"menu_order":0,"comment_status":"closed","ping_status":"closed","template":"elementor_header_footer","meta":{"footnotes":""},"class_list":["post-754","page","type-page","status-publish","hentry"],"yoast_head":"<!-- This site is optimized with the Yoast SEO plugin v21.1 - https:\/\/yoast.com\/wordpress\/plugins\/seo\/ -->\n<title>Servicios - Francesc Canals<\/title>\n<meta name=\"robots\" content=\"index, follow, max-snippet:-1, max-image-preview:large, max-video-preview:-1\" \/>\n<link rel=\"canonical\" href=\"https:\/\/francesccanals.com\/es\/servicios\/\" \/>\n<meta property=\"og:locale\" content=\"es_ES\" \/>\n<meta property=\"og:type\" content=\"article\" \/>\n<meta property=\"og:title\" content=\"Servicios - Francesc Canals\" \/>\n<meta property=\"og:description\" content=\"Servicios Hago colaboraciones profesionales y asesoramiento t\u00e9cnico: ofrezco mis conocimientos adquiridos durante veinte a\u00f1os de trabajo en el sector, con un trato personal y humano, proporciono soluciones \u00f3ptimas y eficientes en coordinaci\u00f3n con la visi\u00f3n propia del cliente, con la posibilidad de intervenir en cualquier fase del proceso constructivo, sin importar la magnitud o complejidad [&hellip;]\" \/>\n<meta property=\"og:url\" content=\"https:\/\/francesccanals.com\/es\/servicios\/\" \/>\n<meta property=\"og:site_name\" content=\"Francesc Canals\" \/>\n<meta property=\"article:modified_time\" content=\"2023-09-19T07:25:35+00:00\" \/>\n<meta name=\"twitter:card\" content=\"summary_large_image\" \/>\n<meta name=\"twitter:label1\" content=\"Tiempo de lectura\" \/>\n\t<meta name=\"twitter:data1\" content=\"1 minuto\" \/>\n<script type=\"application\/ld+json\" class=\"yoast-schema-graph\">{\"@context\":\"https:\/\/schema.org\",\"@graph\":[{\"@type\":\"WebPage\",\"@id\":\"https:\/\/francesccanals.com\/es\/servicios\/\",\"url\":\"https:\/\/francesccanals.com\/es\/servicios\/\",\"name\":\"Servicios - Francesc Canals\",\"isPartOf\":{\"@id\":\"https:\/\/francesccanals.com\/es\/#website\"},\"datePublished\":\"2023-07-18T10:47:32+00:00\",\"dateModified\":\"2023-09-19T07:25:35+00:00\",\"breadcrumb\":{\"@id\":\"https:\/\/francesccanals.com\/es\/servicios\/#breadcrumb\"},\"inLanguage\":\"es\",\"potentialAction\":[{\"@type\":\"ReadAction\",\"target\":[\"https:\/\/francesccanals.com\/es\/servicios\/\"]}]},{\"@type\":\"BreadcrumbList\",\"@id\":\"https:\/\/francesccanals.com\/es\/servicios\/#breadcrumb\",\"itemListElement\":[{\"@type\":\"ListItem\",\"position\":1,\"name\":\"Inici\",\"item\":\"https:\/\/francesccanals.com\/es\/\"},{\"@type\":\"ListItem\",\"position\":2,\"name\":\"Servicios\"}]},{\"@type\":\"WebSite\",\"@id\":\"https:\/\/francesccanals.com\/es\/#website\",\"url\":\"https:\/\/francesccanals.com\/es\/\",\"name\":\"Francesc Canals\",\"description\":\"\",\"potentialAction\":[{\"@type\":\"SearchAction\",\"target\":{\"@type\":\"EntryPoint\",\"urlTemplate\":\"https:\/\/francesccanals.com\/es\/?s={search_term_string}\"},\"query-input\":\"required name=search_term_string\"}],\"inLanguage\":\"es\"}]}<\/script>\n<!-- \/ Yoast SEO plugin. -->","yoast_head_json":{"title":"Servicios - Francesc Canals","robots":{"index":"index","follow":"follow","max-snippet":"max-snippet:-1","max-image-preview":"max-image-preview:large","max-video-preview":"max-video-preview:-1"},"canonical":"https:\/\/francesccanals.com\/es\/servicios\/","og_locale":"es_ES","og_type":"article","og_title":"Servicios - Francesc Canals","og_description":"Servicios Hago colaboraciones profesionales y asesoramiento t\u00e9cnico: ofrezco mis conocimientos adquiridos durante veinte a\u00f1os de trabajo en el sector, con un trato personal y humano, proporciono soluciones \u00f3ptimas y eficientes en coordinaci\u00f3n con la visi\u00f3n propia del cliente, con la posibilidad de intervenir en cualquier fase del proceso constructivo, sin importar la magnitud o complejidad [&hellip;]","og_url":"https:\/\/francesccanals.com\/es\/servicios\/","og_site_name":"Francesc Canals","article_modified_time":"2023-09-19T07:25:35+00:00","twitter_card":"summary_large_image","twitter_misc":{"Tiempo de lectura":"1 minuto"},"schema":{"@context":"https:\/\/schema.org","@graph":[{"@type":"WebPage","@id":"https:\/\/francesccanals.com\/es\/servicios\/","url":"https:\/\/francesccanals.com\/es\/servicios\/","name":"Servicios - Francesc Canals","isPartOf":{"@id":"https:\/\/francesccanals.com\/es\/#website"},"datePublished":"2023-07-18T10:47:32+00:00","dateModified":"2023-09-19T07:25:35+00:00","breadcrumb":{"@id":"https:\/\/francesccanals.com\/es\/servicios\/#breadcrumb"},"inLanguage":"es","potentialAction":[{"@type":"ReadAction","target":["https:\/\/francesccanals.com\/es\/servicios\/"]}]},{"@type":"BreadcrumbList","@id":"https:\/\/francesccanals.com\/es\/servicios\/#breadcrumb","itemListElement":[{"@type":"ListItem","position":1,"name":"Inici","item":"https:\/\/francesccanals.com\/es\/"},{"@type":"ListItem","position":2,"name":"Servicios"}]},{"@type":"WebSite","@id":"https:\/\/francesccanals.com\/es\/#website","url":"https:\/\/francesccanals.com\/es\/","name":"Francesc Canals","description":"","potentialAction":[{"@type":"SearchAction","target":{"@type":"EntryPoint","urlTemplate":"https:\/\/francesccanals.com\/es\/?s={search_term_string}"},"query-input":"required name=search_term_string"}],"inLanguage":"es"}]}},"_links":{"self":[{"href":"https:\/\/francesccanals.com\/es\/wp-json\/wp\/v2\/pages\/754","targetHints":{"allow":["GET"]}}],"collection":[{"href":"https:\/\/francesccanals.com\/es\/wp-json\/wp\/v2\/pages"}],"about":[{"href":"https:\/\/francesccanals.com\/es\/wp-json\/wp\/v2\/types\/page"}],"author":[{"embeddable":true,"href":"https:\/\/francesccanals.com\/es\/wp-json\/wp\/v2\/users\/2"}],"replies":[{"embeddable":true,"href":"https:\/\/francesccanals.com\/es\/wp-json\/wp\/v2\/comments?post=754"}],"version-history":[{"count":5,"href":"https:\/\/francesccanals.com\/es\/wp-json\/wp\/v2\/pages\/754\/revisions"}],"predecessor-version":[{"id":763,"href":"https:\/\/francesccanals.com\/es\/wp-json\/wp\/v2\/pages\/754\/revisions\/763"}],"wp:attachment":[{"href":"https:\/\/francesccanals.com\/es\/wp-json\/wp\/v2\/media?parent=754"}],"curies":[{"name":"wp","href":"https:\/\/api.w.org\/{rel}","templated":true}]}}