{"id":738,"date":"2023-07-18T12:47:03","date_gmt":"2023-07-18T10:47:03","guid":{"rendered":"https:\/\/francesccanals.com\/sobre-mi\/"},"modified":"2023-09-19T09:03:54","modified_gmt":"2023-09-19T07:03:54","slug":"sobre-mi","status":"publish","type":"page","link":"https:\/\/francesccanals.com\/es\/sobre-mi\/","title":{"rendered":"Sobre mi"},"content":{"rendered":"\t\t<div data-elementor-type=\"wp-page\" data-elementor-id=\"738\" class=\"elementor elementor-738 elementor-83\" data-elementor-post-type=\"page\">\n\t\t\t\t\t\t\t<div class=\"elementor-element elementor-element-660bd29 e-con-full e-flex e-con\" data-id=\"660bd29\" data-element_type=\"container\" data-settings=\"{&quot;content_width&quot;:&quot;full&quot;,&quot;background_background&quot;:&quot;classic&quot;}\">\n\t\t\t\t<div class=\"elementor-element elementor-element-9203404 elementor-widget elementor-widget-spacer\" data-id=\"9203404\" data-element_type=\"widget\" data-widget_type=\"spacer.default\">\n\t\t\t\t<div class=\"elementor-widget-container\">\n\t\t\t<style>\/*! elementor - v3.14.0 - 26-06-2023 *\/\n.elementor-column .elementor-spacer-inner{height:var(--spacer-size)}.e-con{--container-widget-width:100%}.e-con-inner>.elementor-widget-spacer,.e-con>.elementor-widget-spacer{width:var(--container-widget-width,var(--spacer-size));--align-self:var(--container-widget-align-self,initial);--flex-shrink:0}.e-con-inner>.elementor-widget-spacer>.elementor-widget-container,.e-con-inner>.elementor-widget-spacer>.elementor-widget-container>.elementor-spacer,.e-con>.elementor-widget-spacer>.elementor-widget-container,.e-con>.elementor-widget-spacer>.elementor-widget-container>.elementor-spacer{height:100%}.e-con-inner>.elementor-widget-spacer>.elementor-widget-container>.elementor-spacer>.elementor-spacer-inner,.e-con>.elementor-widget-spacer>.elementor-widget-container>.elementor-spacer>.elementor-spacer-inner{height:var(--container-widget-height,var(--spacer-size))}<\/style>\t\t<div class=\"elementor-spacer\">\n\t\t\t<div class=\"elementor-spacer-inner\"><\/div>\n\t\t<\/div>\n\t\t\t\t<\/div>\n\t\t\t\t<\/div>\n\t\t<div class=\"elementor-element elementor-element-394eea2 e-con-full e-flex e-con\" data-id=\"394eea2\" data-element_type=\"container\" data-settings=\"{&quot;content_width&quot;:&quot;full&quot;}\">\n\t\t<div class=\"elementor-element elementor-element-69cb79d e-con-full e-flex e-con\" data-id=\"69cb79d\" data-element_type=\"container\" data-settings=\"{&quot;content_width&quot;:&quot;full&quot;,&quot;background_background&quot;:&quot;classic&quot;}\">\n\t\t\t\t<div class=\"elementor-element elementor-element-f405134 elementor-widget elementor-widget-spacer\" data-id=\"f405134\" data-element_type=\"widget\" data-widget_type=\"spacer.default\">\n\t\t\t\t<div class=\"elementor-widget-container\">\n\t\t\t\t\t<div class=\"elementor-spacer\">\n\t\t\t<div class=\"elementor-spacer-inner\"><\/div>\n\t\t<\/div>\n\t\t\t\t<\/div>\n\t\t\t\t<\/div>\n\t\t\t\t<\/div>\n\t\t<div class=\"elementor-element elementor-element-5b3cf58 e-con-full e-flex e-con\" data-id=\"5b3cf58\" data-element_type=\"container\" data-settings=\"{&quot;content_width&quot;:&quot;full&quot;}\">\n\t\t\t\t<div class=\"elementor-element elementor-element-fd08f47 elementor-widget elementor-widget-heading\" data-id=\"fd08f47\" data-element_type=\"widget\" data-widget_type=\"heading.default\">\n\t\t\t\t<div class=\"elementor-widget-container\">\n\t\t\t<style>\/*! elementor - v3.14.0 - 26-06-2023 *\/\n.elementor-heading-title{padding:0;margin:0;line-height:1}.elementor-widget-heading .elementor-heading-title[class*=elementor-size-]>a{color:inherit;font-size:inherit;line-height:inherit}.elementor-widget-heading .elementor-heading-title.elementor-size-small{font-size:15px}.elementor-widget-heading .elementor-heading-title.elementor-size-medium{font-size:19px}.elementor-widget-heading .elementor-heading-title.elementor-size-large{font-size:29px}.elementor-widget-heading .elementor-heading-title.elementor-size-xl{font-size:39px}.elementor-widget-heading .elementor-heading-title.elementor-size-xxl{font-size:59px}<\/style><h1 class=\"elementor-heading-title elementor-size-default\">Sobre mi<\/h1>\t\t<\/div>\n\t\t\t\t<\/div>\n\t\t\t\t<div class=\"elementor-element elementor-element-1c34856 elementor-widget elementor-widget-heading\" data-id=\"1c34856\" data-element_type=\"widget\" data-widget_type=\"heading.default\">\n\t\t\t\t<div class=\"elementor-widget-container\">\n\t\t\t<div class=\"elementor-heading-title elementor-size-default\">Graduado en Ingenier\u00eda Mec\u00e1nica por la Universidad Nacional de Educaci\u00f3n a Distancia y colegiado en el Colegio Oficial de Peritos e Ingenieros T\u00e9cnicos Industriales de las Islas Baleares.<br><br>\nPremio a la excelencia en los estudios de titulaci\u00f3n de grado de Ingenier\u00eda Mec\u00e1nica del Consejo Social de la Universidad Nacional de Educaci\u00f3n a Distancia.<br><br>\nDiplomado en Arquitectura T\u00e9cnica por la Universidad de las Islas Baleares y colegiado en el Colegio de Aparejadores y Arquitectos T\u00e9cnicos de Mallorca.<br><br>\nIngeniero mec\u00e1nico y arquitecto t\u00e9cnico especializado en <strong>estructuras<\/strong>, con trayectoria profesional en empresa constructora y empresa de estructuras met\u00e1licas, y experiencia en la ejecuci\u00f3n de todo tipo de proyectos, tanto de obra p\u00fablica como privada. He participado en m\u00e1s de cien proyectos anuales en los \u00faltimos a\u00f1os.\n<\/div>\t\t<\/div>\n\t\t\t\t<\/div>\n\t\t\t\t<\/div>\n\t\t\t\t<\/div>\n\t\t\t\t<\/div>\n\t\t\t\t\t\t\t<\/div>\n\t\t","protected":false},"excerpt":{"rendered":"<p>Sobre mi Graduado en Ingenier\u00eda Mec\u00e1nica por la Universidad Nacional de Educaci\u00f3n a Distancia y colegiado en el Colegio Oficial de Peritos e Ingenieros T\u00e9cnicos Industriales de las Islas Baleares. Premio a la excelencia en los estudios de titulaci\u00f3n de grado de Ingenier\u00eda Mec\u00e1nica del Consejo Social de la Universidad Nacional de Educaci\u00f3n a Distancia. [&hellip;]<\/p>\n","protected":false},"author":2,"featured_media":0,"parent":0,"menu_order":0,"comment_status":"closed","ping_status":"closed","template":"elementor_header_footer","meta":{"footnotes":""},"class_list":["post-738","page","type-page","status-publish","hentry"],"yoast_head":"<!-- This site is optimized with the Yoast SEO plugin v21.1 - https:\/\/yoast.com\/wordpress\/plugins\/seo\/ -->\n<title>Engeniero mec\u00e1nico, arquitecto estructuras | FRANCESC CANALS<\/title>\n<meta name=\"robots\" content=\"index, follow, max-snippet:-1, max-image-preview:large, max-video-preview:-1\" \/>\n<link rel=\"canonical\" href=\"https:\/\/francesccanals.com\/es\/sobre-mi\/\" \/>\n<meta property=\"og:locale\" content=\"es_ES\" \/>\n<meta property=\"og:type\" content=\"article\" \/>\n<meta property=\"og:title\" content=\"Engeniero mec\u00e1nico, arquitecto estructuras | FRANCESC CANALS\" \/>\n<meta property=\"og:description\" content=\"Sobre mi Graduado en Ingenier\u00eda Mec\u00e1nica por la Universidad Nacional de Educaci\u00f3n a Distancia y colegiado en el Colegio Oficial de Peritos e Ingenieros T\u00e9cnicos Industriales de las Islas Baleares. Premio a la excelencia en los estudios de titulaci\u00f3n de grado de Ingenier\u00eda Mec\u00e1nica del Consejo Social de la Universidad Nacional de Educaci\u00f3n a Distancia. [&hellip;]\" \/>\n<meta property=\"og:url\" content=\"https:\/\/francesccanals.com\/es\/sobre-mi\/\" \/>\n<meta property=\"og:site_name\" content=\"Francesc Canals\" \/>\n<meta property=\"article:modified_time\" content=\"2023-09-19T07:03:54+00:00\" \/>\n<meta name=\"twitter:card\" content=\"summary_large_image\" \/>\n<meta name=\"twitter:label1\" content=\"Tiempo de lectura\" \/>\n\t<meta name=\"twitter:data1\" content=\"1 minuto\" \/>\n<script type=\"application\/ld+json\" class=\"yoast-schema-graph\">{\"@context\":\"https:\/\/schema.org\",\"@graph\":[{\"@type\":\"WebPage\",\"@id\":\"https:\/\/francesccanals.com\/es\/sobre-mi\/\",\"url\":\"https:\/\/francesccanals.com\/es\/sobre-mi\/\",\"name\":\"Engeniero mec\u00e1nico, arquitecto estructuras | FRANCESC CANALS\",\"isPartOf\":{\"@id\":\"https:\/\/francesccanals.com\/es\/#website\"},\"datePublished\":\"2023-07-18T10:47:03+00:00\",\"dateModified\":\"2023-09-19T07:03:54+00:00\",\"breadcrumb\":{\"@id\":\"https:\/\/francesccanals.com\/es\/sobre-mi\/#breadcrumb\"},\"inLanguage\":\"es\",\"potentialAction\":[{\"@type\":\"ReadAction\",\"target\":[\"https:\/\/francesccanals.com\/es\/sobre-mi\/\"]}]},{\"@type\":\"BreadcrumbList\",\"@id\":\"https:\/\/francesccanals.com\/es\/sobre-mi\/#breadcrumb\",\"itemListElement\":[{\"@type\":\"ListItem\",\"position\":1,\"name\":\"Inici\",\"item\":\"https:\/\/francesccanals.com\/es\/\"},{\"@type\":\"ListItem\",\"position\":2,\"name\":\"Sobre mi\"}]},{\"@type\":\"WebSite\",\"@id\":\"https:\/\/francesccanals.com\/es\/#website\",\"url\":\"https:\/\/francesccanals.com\/es\/\",\"name\":\"Francesc Canals\",\"description\":\"\",\"potentialAction\":[{\"@type\":\"SearchAction\",\"target\":{\"@type\":\"EntryPoint\",\"urlTemplate\":\"https:\/\/francesccanals.com\/es\/?s={search_term_string}\"},\"query-input\":\"required name=search_term_string\"}],\"inLanguage\":\"es\"}]}<\/script>\n<!-- \/ Yoast SEO plugin. -->","yoast_head_json":{"title":"Engeniero mec\u00e1nico, arquitecto estructuras | FRANCESC CANALS","robots":{"index":"index","follow":"follow","max-snippet":"max-snippet:-1","max-image-preview":"max-image-preview:large","max-video-preview":"max-video-preview:-1"},"canonical":"https:\/\/francesccanals.com\/es\/sobre-mi\/","og_locale":"es_ES","og_type":"article","og_title":"Engeniero mec\u00e1nico, arquitecto estructuras | FRANCESC CANALS","og_description":"Sobre mi Graduado en Ingenier\u00eda Mec\u00e1nica por la Universidad Nacional de Educaci\u00f3n a Distancia y colegiado en el Colegio Oficial de Peritos e Ingenieros T\u00e9cnicos Industriales de las Islas Baleares. Premio a la excelencia en los estudios de titulaci\u00f3n de grado de Ingenier\u00eda Mec\u00e1nica del Consejo Social de la Universidad Nacional de Educaci\u00f3n a Distancia. [&hellip;]","og_url":"https:\/\/francesccanals.com\/es\/sobre-mi\/","og_site_name":"Francesc Canals","article_modified_time":"2023-09-19T07:03:54+00:00","twitter_card":"summary_large_image","twitter_misc":{"Tiempo de lectura":"1 minuto"},"schema":{"@context":"https:\/\/schema.org","@graph":[{"@type":"WebPage","@id":"https:\/\/francesccanals.com\/es\/sobre-mi\/","url":"https:\/\/francesccanals.com\/es\/sobre-mi\/","name":"Engeniero mec\u00e1nico, arquitecto estructuras | FRANCESC CANALS","isPartOf":{"@id":"https:\/\/francesccanals.com\/es\/#website"},"datePublished":"2023-07-18T10:47:03+00:00","dateModified":"2023-09-19T07:03:54+00:00","breadcrumb":{"@id":"https:\/\/francesccanals.com\/es\/sobre-mi\/#breadcrumb"},"inLanguage":"es","potentialAction":[{"@type":"ReadAction","target":["https:\/\/francesccanals.com\/es\/sobre-mi\/"]}]},{"@type":"BreadcrumbList","@id":"https:\/\/francesccanals.com\/es\/sobre-mi\/#breadcrumb","itemListElement":[{"@type":"ListItem","position":1,"name":"Inici","item":"https:\/\/francesccanals.com\/es\/"},{"@type":"ListItem","position":2,"name":"Sobre mi"}]},{"@type":"WebSite","@id":"https:\/\/francesccanals.com\/es\/#website","url":"https:\/\/francesccanals.com\/es\/","name":"Francesc Canals","description":"","potentialAction":[{"@type":"SearchAction","target":{"@type":"EntryPoint","urlTemplate":"https:\/\/francesccanals.com\/es\/?s={search_term_string}"},"query-input":"required name=search_term_string"}],"inLanguage":"es"}]}},"_links":{"self":[{"href":"https:\/\/francesccanals.com\/es\/wp-json\/wp\/v2\/pages\/738","targetHints":{"allow":["GET"]}}],"collection":[{"href":"https:\/\/francesccanals.com\/es\/wp-json\/wp\/v2\/pages"}],"about":[{"href":"https:\/\/francesccanals.com\/es\/wp-json\/wp\/v2\/types\/page"}],"author":[{"embeddable":true,"href":"https:\/\/francesccanals.com\/es\/wp-json\/wp\/v2\/users\/2"}],"replies":[{"embeddable":true,"href":"https:\/\/francesccanals.com\/es\/wp-json\/wp\/v2\/comments?post=738"}],"version-history":[{"count":8,"href":"https:\/\/francesccanals.com\/es\/wp-json\/wp\/v2\/pages\/738\/revisions"}],"predecessor-version":[{"id":799,"href":"https:\/\/francesccanals.com\/es\/wp-json\/wp\/v2\/pages\/738\/revisions\/799"}],"wp:attachment":[{"href":"https:\/\/francesccanals.com\/es\/wp-json\/wp\/v2\/media?parent=738"}],"curies":[{"name":"wp","href":"https:\/\/api.w.org\/{rel}","templated":true}]}}