{"id":732,"date":"2023-07-18T09:05:09","date_gmt":"2023-07-18T07:05:09","guid":{"rendered":"https:\/\/francesccanals.com\/politica-privacitat\/"},"modified":"2023-09-19T09:26:14","modified_gmt":"2023-09-19T07:26:14","slug":"politica-privacidad","status":"publish","type":"page","link":"https:\/\/francesccanals.com\/es\/politica-privacidad\/","title":{"rendered":"Pol\u00edtica de privacidad"},"content":{"rendered":"\t\t<div data-elementor-type=\"wp-page\" data-elementor-id=\"732\" class=\"elementor elementor-732 elementor-3\" data-elementor-post-type=\"page\">\n\t\t\t\t\t\t\t<div class=\"elementor-element elementor-element-ec339fd e-con-full e-flex e-con\" data-id=\"ec339fd\" data-element_type=\"container\" data-settings=\"{&quot;content_width&quot;:&quot;full&quot;}\">\n\t\t\t\t<div class=\"elementor-element elementor-element-d0ead6e elementor-widget elementor-widget-spacer\" data-id=\"d0ead6e\" data-element_type=\"widget\" data-widget_type=\"spacer.default\">\n\t\t\t\t<div class=\"elementor-widget-container\">\n\t\t\t<style>\/*! elementor - v3.14.0 - 26-06-2023 *\/\n.elementor-column .elementor-spacer-inner{height:var(--spacer-size)}.e-con{--container-widget-width:100%}.e-con-inner>.elementor-widget-spacer,.e-con>.elementor-widget-spacer{width:var(--container-widget-width,var(--spacer-size));--align-self:var(--container-widget-align-self,initial);--flex-shrink:0}.e-con-inner>.elementor-widget-spacer>.elementor-widget-container,.e-con-inner>.elementor-widget-spacer>.elementor-widget-container>.elementor-spacer,.e-con>.elementor-widget-spacer>.elementor-widget-container,.e-con>.elementor-widget-spacer>.elementor-widget-container>.elementor-spacer{height:100%}.e-con-inner>.elementor-widget-spacer>.elementor-widget-container>.elementor-spacer>.elementor-spacer-inner,.e-con>.elementor-widget-spacer>.elementor-widget-container>.elementor-spacer>.elementor-spacer-inner{height:var(--container-widget-height,var(--spacer-size))}<\/style>\t\t<div class=\"elementor-spacer\">\n\t\t\t<div class=\"elementor-spacer-inner\"><\/div>\n\t\t<\/div>\n\t\t\t\t<\/div>\n\t\t\t\t<\/div>\n\t\t\t\t<div class=\"elementor-element elementor-element-b855890 elementor-widget elementor-widget-heading\" data-id=\"b855890\" data-element_type=\"widget\" data-widget_type=\"heading.default\">\n\t\t\t\t<div class=\"elementor-widget-container\">\n\t\t\t<style>\/*! elementor - v3.14.0 - 26-06-2023 *\/\n.elementor-heading-title{padding:0;margin:0;line-height:1}.elementor-widget-heading .elementor-heading-title[class*=elementor-size-]>a{color:inherit;font-size:inherit;line-height:inherit}.elementor-widget-heading .elementor-heading-title.elementor-size-small{font-size:15px}.elementor-widget-heading .elementor-heading-title.elementor-size-medium{font-size:19px}.elementor-widget-heading .elementor-heading-title.elementor-size-large{font-size:29px}.elementor-widget-heading .elementor-heading-title.elementor-size-xl{font-size:39px}.elementor-widget-heading .elementor-heading-title.elementor-size-xxl{font-size:59px}<\/style><h1 class=\"elementor-heading-title elementor-size-default\">Pol\u00edtica de privacidad<\/h1>\t\t<\/div>\n\t\t\t\t<\/div>\n\t\t<div class=\"elementor-element elementor-element-482cb04 e-con-full e-flex e-con\" data-id=\"482cb04\" data-element_type=\"container\" data-settings=\"{&quot;content_width&quot;:&quot;full&quot;}\">\n\t\t\t\t<div class=\"elementor-element elementor-element-4b0b0b7 elementor-widget elementor-widget-text-editor\" data-id=\"4b0b0b7\" data-element_type=\"widget\" data-widget_type=\"text-editor.default\">\n\t\t\t\t<div class=\"elementor-widget-container\">\n\t\t\t<style>\/*! elementor - v3.14.0 - 26-06-2023 *\/\n.elementor-widget-text-editor.elementor-drop-cap-view-stacked .elementor-drop-cap{background-color:#69727d;color:#fff}.elementor-widget-text-editor.elementor-drop-cap-view-framed .elementor-drop-cap{color:#69727d;border:3px solid;background-color:transparent}.elementor-widget-text-editor:not(.elementor-drop-cap-view-default) .elementor-drop-cap{margin-top:8px}.elementor-widget-text-editor:not(.elementor-drop-cap-view-default) .elementor-drop-cap-letter{width:1em;height:1em}.elementor-widget-text-editor .elementor-drop-cap{float:left;text-align:center;line-height:1;font-size:50px}.elementor-widget-text-editor .elementor-drop-cap-letter{display:inline-block}<\/style>\t\t\t\t<p>Esta pol\u00edtica de privacidad se aplica a la web <a href=\"http:\/\/www.francesccanals.com\/\">www.francesccanals.com<\/a> (en adelante la web).<\/p><p>Por favor, l\u00e9ala detenidamente. En ella encontrar\u00e1 informaci\u00f3n importante sobre el tratamiento de sus datos personales y los derechos que le reconoce la normativa vigente en la materia.\u00a0<\/p><p>Nos reservamos el derecho de actualizar nuestra pol\u00edtica de privacidad en cualquier momento con motivo de decisiones empresariales, as\u00ed como para cumplir con eventuales cambios legislativos o jurisprudenciales. Si tiene dudas o necesita cualquier aclaraci\u00f3n respecto a nuestra Pol\u00edtica de privacidad o a sus derechos, puede contactar con nosotros a trav\u00e9s de los canales que se indican m\u00e1s abajo.<\/p><p>Ud. manifiesta que los datos que nos facilite, ahora o en el futuro, son correctos y veraces y se compromete a comunicarnos cualquier modificaci\u00f3n de los mismos. En caso de proporcionar datos de car\u00e1cter personal de terceros, se compromete a obtener el consentimiento previo de los afectados y a informarles acerca del contenido de esta pol\u00edtica.<\/p><ol><li><strong>\u00bfQui\u00e9n es el responsable del tratamiento de sus datos?<br \/><\/strong>Salvo indicaci\u00f3n espec\u00edfica en sentido contrario, el responsable del tratamiento de los datos recogidos en esta web es FRANCISCO CANALS SUAU, con domicilio en C\/ Pare Bartomeu Caputx\u00ed, 8, 07110 &#8211; Bunyola (Illes Balears) y correo electr\u00f3nico <a href=\"mailto:francesc@francesccanals.com\">francesc@francesccanals.com<\/a>.<\/li><li><strong>\u00bfQu\u00e9 informaci\u00f3n personal obtenemos?<br \/><\/strong>Los datos que tratamos son los que se obtienen de la navegaci\u00f3n en nuestra web, como por ejemplo la direcci\u00f3n IP desde la cual se conecta a la web. Estos datos ser\u00e1n igualmente tratados para finalidades estad\u00edsticas y de la mejora de la calidad de nuestra web.<\/li><li><strong>\u00bfPara qu\u00e9 trataremos sus datos?<br \/><\/strong>Los datos de nuestros usuarios ser\u00e1n tratados para la administraci\u00f3n y la gesti\u00f3n de la seguridad de la web y el cumplimiento de nuestras obligaciones legales.<\/li><li><strong>\u00bfA qui\u00e9n podemos comunicar sus datos?<br \/><\/strong>Sus datos s\u00f3lo ser\u00e1n comunicados a terceros por obligaci\u00f3n legal, con su consentimiento o cuando su petici\u00f3n implique tal comunicaci\u00f3n.<\/li><li><strong>Base jur\u00eddica de los tratamientos<br \/><\/strong>La base para el tratamiento de sus datos es el cumplimiento de obligaciones legales y nuestro inter\u00e9s leg\u00edtimo en garantizar la seguridad de nuestra web.<\/li><li><strong>\u00bfCu\u00e1nto tiempo conservaremos sus datos?<br \/><\/strong>De manera general conservamos sus datos durante los plazos previstos en las disposiciones legales aplicables y durante el tiempo necesario para atender a posibles responsabilidades nacidas del tratamiento. Se cancelar\u00e1 la informaci\u00f3n relacionada con la navegaci\u00f3n, una vez finalizada la conexi\u00f3n web y realizadas las estad\u00edsticas.<\/li><li><strong>\u00bfCu\u00e1les son sus derechos?<br \/><\/strong>Tiene derecho a obtener confirmaci\u00f3n de si estamos tratando o no sus datos personales y, en tal caso, acceder a los mismos.\u00a0 Puede igualmente pedir que sus datos sean rectificados cuando sean inexactos o a que se completen los datos que sean incompletos, as\u00ed como solicitar su supresi\u00f3n cuando, entre otros motivos, los datos ya no sean necesarios para los fines para los que fueron recogidos.<br \/><br \/>En determinadas circunstancias, podr\u00e1 solicitar la limitaci\u00f3n del tratamiento de sus datos. En tal caso, s\u00f3lo trataremos los datos afectados para la formulaci\u00f3n, el ejercicio o la defensa de reclamaciones o con miras a la protecci\u00f3n de los derechos de otras personas. En determinadas condiciones y por motivos relacionados con su situaci\u00f3n particular, podr\u00e1 igualmente oponerse al tratamiento de sus datos. En este caso, dejaremos de tratar los datos salvo por motivos leg\u00edtimos imperiosos que prevalezcan sobre sus intereses o derechos y libertades, o para la formulaci\u00f3n, el ejercicio o la defensa de reclamaciones.<br \/><br \/>As\u00ed mismo y bajo ciertas condiciones podr\u00e1 solicitar la portabilidad de sus datos para que sean transmitidos a otro responsable del tratamiento.<br \/><br \/>Tiene igualmente el derecho a presentar una reclamaci\u00f3n ante una autoridad de protecci\u00f3n de datos.<br \/><br \/>Para ejercer sus derechos deber\u00e1 remitirnos una solicitud acompa\u00f1ada de una copia de su documento nacional de identidad, u otro documento v\u00e1lido que le identifique por correo postal o electr\u00f3nico, a nuestro Delegado de Protecci\u00f3n de Datos en las direcciones indicadas en el apartado \u00bfQui\u00e9n es el responsable del tratamiento de sus datos?\u00a0 \u00a0 \u00a0 <br \/><br \/>Podr\u00e1 obtener m\u00e1s informaci\u00f3n sobre sus derechos y c\u00f3mo ejercerlos en la p\u00e1gina de la Agencia Espa\u00f1ola de Protecci\u00f3n de Datos en <a href=\"http:\/\/www.aepd.es\">www.aepd.es<\/a><\/li><\/ol>\t\t\t\t\t\t<\/div>\n\t\t\t\t<\/div>\n\t\t\t\t<\/div>\n\t\t\t\t<\/div>\n\t\t\t\t\t\t\t<\/div>\n\t\t","protected":false},"excerpt":{"rendered":"<p>Pol\u00edtica de privacidad Esta pol\u00edtica de privacidad se aplica a la web www.francesccanals.com (en adelante la web). Por favor, l\u00e9ala detenidamente. En ella encontrar\u00e1 informaci\u00f3n importante sobre el tratamiento de sus datos personales y los derechos que le reconoce la normativa vigente en la materia. Nos reservamos el derecho de actualizar nuestra pol\u00edtica de privacidad [&hellip;]<\/p>\n","protected":false},"author":2,"featured_media":0,"parent":0,"menu_order":0,"comment_status":"closed","ping_status":"closed","template":"elementor_header_footer","meta":{"footnotes":""},"class_list":["post-732","page","type-page","status-publish","hentry"],"yoast_head":"<!-- This site is optimized with the Yoast SEO plugin v21.1 - https:\/\/yoast.com\/wordpress\/plugins\/seo\/ -->\n<title>Pol\u00edtica de privacidad, Ingeniero arquitecto | FRANCESC CANALS<\/title>\n<meta name=\"robots\" content=\"index, follow, max-snippet:-1, max-image-preview:large, max-video-preview:-1\" \/>\n<link rel=\"canonical\" href=\"https:\/\/francesccanals.com\/es\/politica-privacidad\/\" \/>\n<meta property=\"og:locale\" content=\"es_ES\" \/>\n<meta property=\"og:type\" content=\"article\" \/>\n<meta property=\"og:title\" content=\"Pol\u00edtica de privacidad, Ingeniero arquitecto | FRANCESC CANALS\" \/>\n<meta property=\"og:description\" content=\"Pol\u00edtica de privacidad Esta pol\u00edtica de privacidad se aplica a la web www.francesccanals.com (en adelante la web). Por favor, l\u00e9ala detenidamente. En ella encontrar\u00e1 informaci\u00f3n importante sobre el tratamiento de sus datos personales y los derechos que le reconoce la normativa vigente en la materia. Nos reservamos el derecho de actualizar nuestra pol\u00edtica de privacidad [&hellip;]\" \/>\n<meta property=\"og:url\" content=\"https:\/\/francesccanals.com\/es\/politica-privacidad\/\" \/>\n<meta property=\"og:site_name\" content=\"Francesc Canals\" \/>\n<meta property=\"article:modified_time\" content=\"2023-09-19T07:26:14+00:00\" \/>\n<meta name=\"twitter:card\" content=\"summary_large_image\" \/>\n<meta name=\"twitter:label1\" content=\"Tiempo de lectura\" \/>\n\t<meta name=\"twitter:data1\" content=\"4 minutos\" \/>\n<script type=\"application\/ld+json\" class=\"yoast-schema-graph\">{\"@context\":\"https:\/\/schema.org\",\"@graph\":[{\"@type\":\"WebPage\",\"@id\":\"https:\/\/francesccanals.com\/es\/politica-privacidad\/\",\"url\":\"https:\/\/francesccanals.com\/es\/politica-privacidad\/\",\"name\":\"Pol\u00edtica de privacidad, Ingeniero arquitecto | FRANCESC CANALS\",\"isPartOf\":{\"@id\":\"https:\/\/francesccanals.com\/es\/#website\"},\"datePublished\":\"2023-07-18T07:05:09+00:00\",\"dateModified\":\"2023-09-19T07:26:14+00:00\",\"breadcrumb\":{\"@id\":\"https:\/\/francesccanals.com\/es\/politica-privacidad\/#breadcrumb\"},\"inLanguage\":\"es\",\"potentialAction\":[{\"@type\":\"ReadAction\",\"target\":[\"https:\/\/francesccanals.com\/es\/politica-privacidad\/\"]}]},{\"@type\":\"BreadcrumbList\",\"@id\":\"https:\/\/francesccanals.com\/es\/politica-privacidad\/#breadcrumb\",\"itemListElement\":[{\"@type\":\"ListItem\",\"position\":1,\"name\":\"Inici\",\"item\":\"https:\/\/francesccanals.com\/es\/\"},{\"@type\":\"ListItem\",\"position\":2,\"name\":\"Pol\u00edtica de privacidad\"}]},{\"@type\":\"WebSite\",\"@id\":\"https:\/\/francesccanals.com\/es\/#website\",\"url\":\"https:\/\/francesccanals.com\/es\/\",\"name\":\"Francesc Canals\",\"description\":\"\",\"potentialAction\":[{\"@type\":\"SearchAction\",\"target\":{\"@type\":\"EntryPoint\",\"urlTemplate\":\"https:\/\/francesccanals.com\/es\/?s={search_term_string}\"},\"query-input\":\"required name=search_term_string\"}],\"inLanguage\":\"es\"}]}<\/script>\n<!-- \/ Yoast SEO plugin. -->","yoast_head_json":{"title":"Pol\u00edtica de privacidad, Ingeniero arquitecto | FRANCESC CANALS","robots":{"index":"index","follow":"follow","max-snippet":"max-snippet:-1","max-image-preview":"max-image-preview:large","max-video-preview":"max-video-preview:-1"},"canonical":"https:\/\/francesccanals.com\/es\/politica-privacidad\/","og_locale":"es_ES","og_type":"article","og_title":"Pol\u00edtica de privacidad, Ingeniero arquitecto | FRANCESC CANALS","og_description":"Pol\u00edtica de privacidad Esta pol\u00edtica de privacidad se aplica a la web www.francesccanals.com (en adelante la web). Por favor, l\u00e9ala detenidamente. En ella encontrar\u00e1 informaci\u00f3n importante sobre el tratamiento de sus datos personales y los derechos que le reconoce la normativa vigente en la materia. Nos reservamos el derecho de actualizar nuestra pol\u00edtica de privacidad [&hellip;]","og_url":"https:\/\/francesccanals.com\/es\/politica-privacidad\/","og_site_name":"Francesc Canals","article_modified_time":"2023-09-19T07:26:14+00:00","twitter_card":"summary_large_image","twitter_misc":{"Tiempo de lectura":"4 minutos"},"schema":{"@context":"https:\/\/schema.org","@graph":[{"@type":"WebPage","@id":"https:\/\/francesccanals.com\/es\/politica-privacidad\/","url":"https:\/\/francesccanals.com\/es\/politica-privacidad\/","name":"Pol\u00edtica de privacidad, Ingeniero arquitecto | FRANCESC CANALS","isPartOf":{"@id":"https:\/\/francesccanals.com\/es\/#website"},"datePublished":"2023-07-18T07:05:09+00:00","dateModified":"2023-09-19T07:26:14+00:00","breadcrumb":{"@id":"https:\/\/francesccanals.com\/es\/politica-privacidad\/#breadcrumb"},"inLanguage":"es","potentialAction":[{"@type":"ReadAction","target":["https:\/\/francesccanals.com\/es\/politica-privacidad\/"]}]},{"@type":"BreadcrumbList","@id":"https:\/\/francesccanals.com\/es\/politica-privacidad\/#breadcrumb","itemListElement":[{"@type":"ListItem","position":1,"name":"Inici","item":"https:\/\/francesccanals.com\/es\/"},{"@type":"ListItem","position":2,"name":"Pol\u00edtica de privacidad"}]},{"@type":"WebSite","@id":"https:\/\/francesccanals.com\/es\/#website","url":"https:\/\/francesccanals.com\/es\/","name":"Francesc Canals","description":"","potentialAction":[{"@type":"SearchAction","target":{"@type":"EntryPoint","urlTemplate":"https:\/\/francesccanals.com\/es\/?s={search_term_string}"},"query-input":"required name=search_term_string"}],"inLanguage":"es"}]}},"_links":{"self":[{"href":"https:\/\/francesccanals.com\/es\/wp-json\/wp\/v2\/pages\/732","targetHints":{"allow":["GET"]}}],"collection":[{"href":"https:\/\/francesccanals.com\/es\/wp-json\/wp\/v2\/pages"}],"about":[{"href":"https:\/\/francesccanals.com\/es\/wp-json\/wp\/v2\/types\/page"}],"author":[{"embeddable":true,"href":"https:\/\/francesccanals.com\/es\/wp-json\/wp\/v2\/users\/2"}],"replies":[{"embeddable":true,"href":"https:\/\/francesccanals.com\/es\/wp-json\/wp\/v2\/comments?post=732"}],"version-history":[{"count":1,"href":"https:\/\/francesccanals.com\/es\/wp-json\/wp\/v2\/pages\/732\/revisions"}],"predecessor-version":[{"id":733,"href":"https:\/\/francesccanals.com\/es\/wp-json\/wp\/v2\/pages\/732\/revisions\/733"}],"wp:attachment":[{"href":"https:\/\/francesccanals.com\/es\/wp-json\/wp\/v2\/media?parent=732"}],"curies":[{"name":"wp","href":"https:\/\/api.w.org\/{rel}","templated":true}]}}