{"id":719,"date":"2023-07-18T12:21:18","date_gmt":"2023-07-18T10:21:18","guid":{"rendered":"https:\/\/francesccanals.com\/avis-legal\/"},"modified":"2023-09-19T09:25:54","modified_gmt":"2023-09-19T07:25:54","slug":"aviso-legal","status":"publish","type":"page","link":"https:\/\/francesccanals.com\/es\/aviso-legal\/","title":{"rendered":"Aviso Legal"},"content":{"rendered":"\t\t<div data-elementor-type=\"wp-page\" data-elementor-id=\"719\" class=\"elementor elementor-719 elementor-41\" data-elementor-post-type=\"page\">\n\t\t\t\t\t\t\t<div class=\"elementor-element elementor-element-cd528bc e-con-full e-flex e-con\" data-id=\"cd528bc\" data-element_type=\"container\" data-settings=\"{&quot;content_width&quot;:&quot;full&quot;}\">\n\t\t\t\t<div class=\"elementor-element elementor-element-81802d1 elementor-widget elementor-widget-spacer\" data-id=\"81802d1\" data-element_type=\"widget\" data-widget_type=\"spacer.default\">\n\t\t\t\t<div class=\"elementor-widget-container\">\n\t\t\t<style>\/*! elementor - v3.14.0 - 26-06-2023 *\/\n.elementor-column .elementor-spacer-inner{height:var(--spacer-size)}.e-con{--container-widget-width:100%}.e-con-inner>.elementor-widget-spacer,.e-con>.elementor-widget-spacer{width:var(--container-widget-width,var(--spacer-size));--align-self:var(--container-widget-align-self,initial);--flex-shrink:0}.e-con-inner>.elementor-widget-spacer>.elementor-widget-container,.e-con-inner>.elementor-widget-spacer>.elementor-widget-container>.elementor-spacer,.e-con>.elementor-widget-spacer>.elementor-widget-container,.e-con>.elementor-widget-spacer>.elementor-widget-container>.elementor-spacer{height:100%}.e-con-inner>.elementor-widget-spacer>.elementor-widget-container>.elementor-spacer>.elementor-spacer-inner,.e-con>.elementor-widget-spacer>.elementor-widget-container>.elementor-spacer>.elementor-spacer-inner{height:var(--container-widget-height,var(--spacer-size))}<\/style>\t\t<div class=\"elementor-spacer\">\n\t\t\t<div class=\"elementor-spacer-inner\"><\/div>\n\t\t<\/div>\n\t\t\t\t<\/div>\n\t\t\t\t<\/div>\n\t\t\t\t<div class=\"elementor-element elementor-element-9f1933a elementor-widget elementor-widget-heading\" data-id=\"9f1933a\" data-element_type=\"widget\" data-widget_type=\"heading.default\">\n\t\t\t\t<div class=\"elementor-widget-container\">\n\t\t\t<style>\/*! elementor - v3.14.0 - 26-06-2023 *\/\n.elementor-heading-title{padding:0;margin:0;line-height:1}.elementor-widget-heading .elementor-heading-title[class*=elementor-size-]>a{color:inherit;font-size:inherit;line-height:inherit}.elementor-widget-heading .elementor-heading-title.elementor-size-small{font-size:15px}.elementor-widget-heading .elementor-heading-title.elementor-size-medium{font-size:19px}.elementor-widget-heading .elementor-heading-title.elementor-size-large{font-size:29px}.elementor-widget-heading .elementor-heading-title.elementor-size-xl{font-size:39px}.elementor-widget-heading .elementor-heading-title.elementor-size-xxl{font-size:59px}<\/style><h1 class=\"elementor-heading-title elementor-size-default\">Aviso Legal<\/h1>\t\t<\/div>\n\t\t\t\t<\/div>\n\t\t<div class=\"elementor-element elementor-element-bc1bff4 e-con-full e-flex e-con\" data-id=\"bc1bff4\" data-element_type=\"container\" data-settings=\"{&quot;content_width&quot;:&quot;full&quot;}\">\n\t\t\t\t<div class=\"elementor-element elementor-element-3eaeec3 elementor-widget elementor-widget-text-editor\" data-id=\"3eaeec3\" data-element_type=\"widget\" data-widget_type=\"text-editor.default\">\n\t\t\t\t<div class=\"elementor-widget-container\">\n\t\t\t<style>\/*! elementor - v3.14.0 - 26-06-2023 *\/\n.elementor-widget-text-editor.elementor-drop-cap-view-stacked .elementor-drop-cap{background-color:#69727d;color:#fff}.elementor-widget-text-editor.elementor-drop-cap-view-framed .elementor-drop-cap{color:#69727d;border:3px solid;background-color:transparent}.elementor-widget-text-editor:not(.elementor-drop-cap-view-default) .elementor-drop-cap{margin-top:8px}.elementor-widget-text-editor:not(.elementor-drop-cap-view-default) .elementor-drop-cap-letter{width:1em;height:1em}.elementor-widget-text-editor .elementor-drop-cap{float:left;text-align:center;line-height:1;font-size:50px}.elementor-widget-text-editor .elementor-drop-cap-letter{display:inline-block}<\/style>\t\t\t\t<p>El acceso a la web <a href=\"https:\/\/francesccanals.com\/\">https:\/\/francesccanals.com\/<\/a> le atribuye la condici\u00f3n de USUARIO e implica la aceptaci\u00f3n plena y sin reserva, desde dicho acceso y\/o uso, de la presente nota legal y de la pol\u00edtica de privacidad. Por ello, aconsejamos que proceda a la lectura de estos documentos, antes de utilizar las funcionalidades ofrecidas por este sitio web, as\u00ed como cada vez que acceda a \u00e9l, ya que nos reservamos el derecho de cambiar, modificar, a\u00f1adir o eliminar en cualquier momento parte de estas condiciones.<\/p><p>El mero acceso a esta web no supone en ning\u00fan caso la existencia de una relaci\u00f3n comercial entre el usuario y la web.<strong>\u00a0<\/strong><\/p><p><strong>TITULAR DE LA WEB<\/strong><\/p><p>A los efectos de lo previsto por el Art. 10 de la Ley 34\/ 2002, de 11 de julio, de Servicios de la Sociedad de la Informaci\u00f3n y de Comercio Electr\u00f3nico, se proporciona la siguiente informaci\u00f3n sobre la titular de esta web:<\/p><ul><li><strong>Titular de la Web<\/strong>: FRANCISCO CANALS SUAU<\/li><li><strong>Domicilio profesional<\/strong>: Pare Bartomeu Caputx\u00ed, 8, 07110 &#8211; Bunyola (Illes Balears)<\/li><li><strong>N.I.F. <\/strong>43159404-L<\/li><\/ul><p>Adem\u00e1s del domicilio social, se pone a disposici\u00f3n de los usuarios los siguientes canales para dirigir sus peticiones, cuestiones o reclamaciones:<\/p><p><a href=\"mailto:francesc@francesccanals.com\">francesc@francesccanals.com<\/a><\/p>\t\t\t\t\t\t<\/div>\n\t\t\t\t<\/div>\n\t\t\t\t<div class=\"elementor-element elementor-element-e72ed3c elementor-widget elementor-widget-text-editor\" data-id=\"e72ed3c\" data-element_type=\"widget\" data-widget_type=\"text-editor.default\">\n\t\t\t\t<div class=\"elementor-widget-container\">\n\t\t\t\t\t\t\t<p><strong>CONDICIONES DE USO<\/strong><\/p><ol><li><strong>Introducci\u00f3n. <\/strong>Accediendo y utilizando esta web, usted acuerda obligarse a las condiciones que a continuaci\u00f3n se exponen, por lo que se le recomienda que lea cuidadosamente esta secci\u00f3n antes de iniciar su navegaci\u00f3n.<\/li><li><strong>Obligaciones de los usuarios. <\/strong>Los usuarios se comprometen a utilizar esta web de forma l\u00edcita, de acuerdo con lo dispuesto en las presentes condiciones y de forma que no produzcan un perjuicio en los derechos o intereses de FRANCISCO CANALS SUAU o de terceros. A t\u00edtulo enunciativo y en ning\u00fan caso limitativo o excluyente, el usuario se compromete igualmente a:<\/li><li><strong>Exclusi\u00f3n de responsabilidad. <\/strong>Esta web se proporciona \u201ctal como est\u00e1\u201d y su uso se realiza bajo el propio riesgo del usuario, por lo que, ni FRANCISCO CANALS SUAU, ni sus administradores, trabajadores, proveedores o colaboradores ser\u00e1n responsables por los da\u00f1os, de cualquier naturaleza, directos o no, que deriven del uso de la web, excluyendo expresamente a FRANCISCO CANALS SUAU, en toda la medida prevista por la Ley, cualquier tipo de garant\u00edas, ya sean expresas o impl\u00edcitas.FRANCISCO CANALS SUAU no garantiza la disponibilidad y accesibilidad de la web, si bien realizar\u00e1 todos los esfuerzos que sean razonables en este sentido. En ocasiones, podr\u00e1n producirse interrupciones por el tiempo que resulte necesario para la realizaci\u00f3n de las correspondientes operaciones de mantenimiento.<p>FRANCISCO CANALS SUAU no se responsabiliza de posibles da\u00f1os derivados de interferencias, interrupciones, virus inform\u00e1ticos, aver\u00edas telef\u00f3nicas o desconexiones telef\u00f3nicas motivadas por causas ajenas a la citada entidad; de retrasos o bloqueos en el uso del presente sistema electr\u00f3nico causados por deficiencias o sobrecargas en el centro procesador de datos, de l\u00edneas telef\u00f3nicas, en el sistema de Internet o en otros sistemas el\u00e9ctricos; ni tampoco de cualquier otra alteraci\u00f3n que se pueda producir en el Software o Hardware de los usuarios. Tampoco garantiza la ausencia de virus, malwares, troyanos u otros elementos que puedan producir alteraciones en el sistema inform\u00e1tico, documentos o ficheros del usuario, excluyendo cualquier responsabilidad por los da\u00f1os de cualquier clase causados al usuario por este motivo. De igual manera, FRANCISCO CANALS SUAU no responder\u00e1 por los da\u00f1os causados por terceras personas mediante intromisiones ileg\u00edtimas fuera de su control.<\/p><p>Tampoco responder\u00e1 de los da\u00f1os y perjuicios causados por el uso o mala utilizaci\u00f3n de los contenidos de la web, ni por las consecuencias que pudieran derivarse de los errores, defectos u omisiones en los contenidos que pudieran aparecer en esta web proporcionados por los propios usuarios u otros terceros. FRANCISCO CANALS SUAU no asume obligaci\u00f3n ni responsabilidad alguna respecto de aquellos servicios que no preste directamente.<\/p><\/li><li><strong>Enlaces externos.<\/strong> En ning\u00fan caso FRANCISCO CANALS SUAU asumir\u00e1 responsabilidad alguna por los contenidos de los enlaces pertenecientes a un sitio web ajeno, ni garantizar\u00e1 la disponibilidad t\u00e9cnica, calidad, fiabilidad, exactitud, amplitud, veracidad, validez y legalidad de cualquier material o informaci\u00f3n contenida en ninguno de dichos hiperv\u00ednculos u otros sitios de Internet. Igualmente, la inclusi\u00f3n de estas conexiones externas no implicar\u00e1 ning\u00fan tipo de asociaci\u00f3n, fusi\u00f3n o participaci\u00f3n con las entidades conectadas.<\/li><li><strong>Denegaci\u00f3n de acceso y cancelaci\u00f3n de las cuentas. <\/strong>FRANCISCO CANALS SUAU se reserva el derecho de denegar el acceso a la web a aquellos usuarios que incumplan las presentes condiciones; en caso de problemas t\u00e9cnicos o de seguridad imprevistos; de inactividad de la cuenta durante un tiempo significativo; o en cumplimiento de un requerimiento y\/o de una orden policial, judicial o administrativa.<\/li><li><strong>Tratamiento de datos personales. <\/strong>Los usuarios consienten el tratamiento de sus datos personales con el alcance y en los t\u00e9rminos que se indican en nuestra pol\u00edtica de privacidad, la cual est\u00e1 disponible en la web, quedando asimismo dicha pol\u00edtica incorporada a las presentes condiciones por referencia. En dicha pol\u00edtica, los usuarios encontrar\u00e1n informaci\u00f3n sobre la manera de ejercitar sus derechos de acceso, supresi\u00f3n, limitaci\u00f3n y rectificaci\u00f3n de su informaci\u00f3n personal, as\u00ed como el de oposici\u00f3n a su tratamiento y portabilidad.<\/li><li><strong>Propiedad intelectual y derechos de autor. <\/strong>Los derechos de propiedad intelectual de la web, el nombre de dominio, su c\u00f3digo fuente, dise\u00f1o y estructura de navegaci\u00f3n y elementos en ella contenidos (a t\u00edtulo enunciativo, im\u00e1genes, sonido, audio, v\u00eddeo, software, o textos; marcas o logotipos, combinaciones de colores, estructura y dise\u00f1o, etc.) son titularidad de FRANCISCO CANALS SUAU, a quien corresponde el ejercicio exclusivo de los derechos de explotaci\u00f3n de los mismos en cualquier forma, y, en especial los derechos de reproducci\u00f3n, distribuci\u00f3n, comunicaci\u00f3n p\u00fablica y transformaci\u00f3n, conforme a lo previsto por la vigente Ley de Propiedad Intelectual. Quedan expresamente prohibidas la reproducci\u00f3n, distribuci\u00f3n y la comunicaci\u00f3n p\u00fablica, incluida su modalidad de puesta a disposici\u00f3n, de la totalidad o parte de los contenidos de esta web en cualquier soporte y por cualquier medio t\u00e9cnico, sin la autorizaci\u00f3n de FRANCISCO CANALS SUAU o, en su caso, de los terceros que ostenten los derechos de propiedad intelectual o de autor sobre los contenidos afectados. Aquellas entidades o personas que, previa autorizaci\u00f3n del titular de esta web, pretendan establecer un enlace con ella, deber\u00e1n garantizar que \u00fanicamente permite el acceso a esta web o servicio pero que no realiza reproducci\u00f3n de sus contenidos y servicios.<\/li><li><strong>Nulidad de las cl\u00e1usulas. <\/strong>En caso de que una cl\u00e1usula de las presentes condiciones de uso fuese declarada nula, s\u00f3lo afectar\u00e1 a dicha disposici\u00f3n o a aquella parte que as\u00ed haya sido declarada, subsistiendo las condiciones en todo lo dem\u00e1s y teni\u00e9ndose tal disposici\u00f3n, o la parte afectada, por no puesta.<\/li><li><strong>Aceptaci\u00f3n. <\/strong>El acceso a la web y su utilizaci\u00f3n implican necesariamente que todas y cada una de las presentes condiciones de uso son expresamente aceptadas por usted.<\/li><li><strong>Ley y jurisdicci\u00f3n aplicables. <\/strong>La presente web se regir\u00e1 por la ley espa\u00f1ola con exclusi\u00f3n de sus reglas de conflicto de ley y cualquier controversia que pudiera derivarse de su utilizaci\u00f3n o de los servicios vinculados a la misma se someter\u00e1 a la jurisdicci\u00f3n y competencia de los Juzgados y Tribunales de Palma de Mallorca, renunciando expresamente los usuarios a su fuero propio si lo tuvieran.<\/li><\/ol>\t\t\t\t\t\t<\/div>\n\t\t\t\t<\/div>\n\t\t\t\t<\/div>\n\t\t\t\t<\/div>\n\t\t\t\t\t\t\t<\/div>\n\t\t","protected":false},"excerpt":{"rendered":"<p>Aviso Legal El acceso a la web https:\/\/francesccanals.com\/ le atribuye la condici\u00f3n de USUARIO e implica la aceptaci\u00f3n plena y sin reserva, desde dicho acceso y\/o uso, de la presente nota legal y de la pol\u00edtica de privacidad. Por ello, aconsejamos que proceda a la lectura de estos documentos, antes de utilizar las funcionalidades ofrecidas [&hellip;]<\/p>\n","protected":false},"author":2,"featured_media":0,"parent":0,"menu_order":0,"comment_status":"closed","ping_status":"closed","template":"elementor_header_footer","meta":{"footnotes":""},"class_list":["post-719","page","type-page","status-publish","hentry"],"yoast_head":"<!-- This site is optimized with the Yoast SEO plugin v21.1 - https:\/\/yoast.com\/wordpress\/plugins\/seo\/ -->\n<title>Aviso Legal - Francesc Canals<\/title>\n<meta name=\"robots\" content=\"index, follow, max-snippet:-1, max-image-preview:large, max-video-preview:-1\" \/>\n<link rel=\"canonical\" href=\"https:\/\/francesccanals.com\/es\/aviso-legal\/\" \/>\n<meta property=\"og:locale\" content=\"es_ES\" \/>\n<meta property=\"og:type\" content=\"article\" \/>\n<meta property=\"og:title\" content=\"Aviso Legal - Francesc Canals\" \/>\n<meta property=\"og:description\" content=\"Aviso Legal El acceso a la web https:\/\/francesccanals.com\/ le atribuye la condici\u00f3n de USUARIO e implica la aceptaci\u00f3n plena y sin reserva, desde dicho acceso y\/o uso, de la presente nota legal y de la pol\u00edtica de privacidad. Por ello, aconsejamos que proceda a la lectura de estos documentos, antes de utilizar las funcionalidades ofrecidas [&hellip;]\" \/>\n<meta property=\"og:url\" content=\"https:\/\/francesccanals.com\/es\/aviso-legal\/\" \/>\n<meta property=\"og:site_name\" content=\"Francesc Canals\" \/>\n<meta property=\"article:modified_time\" content=\"2023-09-19T07:25:54+00:00\" \/>\n<meta name=\"twitter:card\" content=\"summary_large_image\" \/>\n<meta name=\"twitter:label1\" content=\"Tiempo de lectura\" \/>\n\t<meta name=\"twitter:data1\" content=\"7 minutos\" \/>\n<script type=\"application\/ld+json\" class=\"yoast-schema-graph\">{\"@context\":\"https:\/\/schema.org\",\"@graph\":[{\"@type\":\"WebPage\",\"@id\":\"https:\/\/francesccanals.com\/es\/aviso-legal\/\",\"url\":\"https:\/\/francesccanals.com\/es\/aviso-legal\/\",\"name\":\"Aviso Legal - Francesc Canals\",\"isPartOf\":{\"@id\":\"https:\/\/francesccanals.com\/es\/#website\"},\"datePublished\":\"2023-07-18T10:21:18+00:00\",\"dateModified\":\"2023-09-19T07:25:54+00:00\",\"breadcrumb\":{\"@id\":\"https:\/\/francesccanals.com\/es\/aviso-legal\/#breadcrumb\"},\"inLanguage\":\"es\",\"potentialAction\":[{\"@type\":\"ReadAction\",\"target\":[\"https:\/\/francesccanals.com\/es\/aviso-legal\/\"]}]},{\"@type\":\"BreadcrumbList\",\"@id\":\"https:\/\/francesccanals.com\/es\/aviso-legal\/#breadcrumb\",\"itemListElement\":[{\"@type\":\"ListItem\",\"position\":1,\"name\":\"Inici\",\"item\":\"https:\/\/francesccanals.com\/es\/\"},{\"@type\":\"ListItem\",\"position\":2,\"name\":\"Aviso Legal\"}]},{\"@type\":\"WebSite\",\"@id\":\"https:\/\/francesccanals.com\/es\/#website\",\"url\":\"https:\/\/francesccanals.com\/es\/\",\"name\":\"Francesc Canals\",\"description\":\"\",\"potentialAction\":[{\"@type\":\"SearchAction\",\"target\":{\"@type\":\"EntryPoint\",\"urlTemplate\":\"https:\/\/francesccanals.com\/es\/?s={search_term_string}\"},\"query-input\":\"required name=search_term_string\"}],\"inLanguage\":\"es\"}]}<\/script>\n<!-- \/ Yoast SEO plugin. -->","yoast_head_json":{"title":"Aviso Legal - Francesc Canals","robots":{"index":"index","follow":"follow","max-snippet":"max-snippet:-1","max-image-preview":"max-image-preview:large","max-video-preview":"max-video-preview:-1"},"canonical":"https:\/\/francesccanals.com\/es\/aviso-legal\/","og_locale":"es_ES","og_type":"article","og_title":"Aviso Legal - Francesc Canals","og_description":"Aviso Legal El acceso a la web https:\/\/francesccanals.com\/ le atribuye la condici\u00f3n de USUARIO e implica la aceptaci\u00f3n plena y sin reserva, desde dicho acceso y\/o uso, de la presente nota legal y de la pol\u00edtica de privacidad. Por ello, aconsejamos que proceda a la lectura de estos documentos, antes de utilizar las funcionalidades ofrecidas [&hellip;]","og_url":"https:\/\/francesccanals.com\/es\/aviso-legal\/","og_site_name":"Francesc Canals","article_modified_time":"2023-09-19T07:25:54+00:00","twitter_card":"summary_large_image","twitter_misc":{"Tiempo de lectura":"7 minutos"},"schema":{"@context":"https:\/\/schema.org","@graph":[{"@type":"WebPage","@id":"https:\/\/francesccanals.com\/es\/aviso-legal\/","url":"https:\/\/francesccanals.com\/es\/aviso-legal\/","name":"Aviso Legal - Francesc Canals","isPartOf":{"@id":"https:\/\/francesccanals.com\/es\/#website"},"datePublished":"2023-07-18T10:21:18+00:00","dateModified":"2023-09-19T07:25:54+00:00","breadcrumb":{"@id":"https:\/\/francesccanals.com\/es\/aviso-legal\/#breadcrumb"},"inLanguage":"es","potentialAction":[{"@type":"ReadAction","target":["https:\/\/francesccanals.com\/es\/aviso-legal\/"]}]},{"@type":"BreadcrumbList","@id":"https:\/\/francesccanals.com\/es\/aviso-legal\/#breadcrumb","itemListElement":[{"@type":"ListItem","position":1,"name":"Inici","item":"https:\/\/francesccanals.com\/es\/"},{"@type":"ListItem","position":2,"name":"Aviso Legal"}]},{"@type":"WebSite","@id":"https:\/\/francesccanals.com\/es\/#website","url":"https:\/\/francesccanals.com\/es\/","name":"Francesc Canals","description":"","potentialAction":[{"@type":"SearchAction","target":{"@type":"EntryPoint","urlTemplate":"https:\/\/francesccanals.com\/es\/?s={search_term_string}"},"query-input":"required name=search_term_string"}],"inLanguage":"es"}]}},"_links":{"self":[{"href":"https:\/\/francesccanals.com\/es\/wp-json\/wp\/v2\/pages\/719","targetHints":{"allow":["GET"]}}],"collection":[{"href":"https:\/\/francesccanals.com\/es\/wp-json\/wp\/v2\/pages"}],"about":[{"href":"https:\/\/francesccanals.com\/es\/wp-json\/wp\/v2\/types\/page"}],"author":[{"embeddable":true,"href":"https:\/\/francesccanals.com\/es\/wp-json\/wp\/v2\/users\/2"}],"replies":[{"embeddable":true,"href":"https:\/\/francesccanals.com\/es\/wp-json\/wp\/v2\/comments?post=719"}],"version-history":[{"count":6,"href":"https:\/\/francesccanals.com\/es\/wp-json\/wp\/v2\/pages\/719\/revisions"}],"predecessor-version":[{"id":825,"href":"https:\/\/francesccanals.com\/es\/wp-json\/wp\/v2\/pages\/719\/revisions\/825"}],"wp:attachment":[{"href":"https:\/\/francesccanals.com\/es\/wp-json\/wp\/v2\/media?parent=719"}],"curies":[{"name":"wp","href":"https:\/\/api.w.org\/{rel}","templated":true}]}}